{"id":2,"date":"2026-01-02T16:16:40","date_gmt":"2026-01-02T09:16:40","guid":{"rendered":"https:\/\/www.demo.vietnamweb.asia\/?page_id=2"},"modified":"2026-01-02T16:16:07","modified_gmt":"2026-01-02T09:16:07","slug":"trang-chu","status":"publish","type":"page","link":"https:\/\/nh88c.org\/","title":{"rendered":"Nh88c link &#8211; C\u00e1 C\u01b0\u1ee3c Th\u1ec3 Thao N\u1ea1p \u0110\u1ea7u Th\u01b0\u1edfng L\u1edbn T\u1ed1i \u0110a 20.888k"},"content":{"rendered":"<h2><span style=\"font-size: 110%; color: #f99b1c;\"><strong>TRANG CH\u1ee6 \u0110\u0102NG NH\u1eacP NH\u00c0 C\u00c1I NH88<\/strong><\/span><\/h2>\n<p>Link trang t\u1ed5ng v\u00e0o Nh88c link ch\u00ednh th\u1ee9c c\u1eadp nh\u1eadt ng\u00e0y h\u00f4m nay m\u1edbi nh\u1ea5t:<\/p>\n<div class=\"row row-small\"  id=\"row-794495188\">\n\n\t<div id=\"col-2140796327\" class=\"col medium-4 small-12 large-4\"  >\n\t\t\t\t<div class=\"col-inner\"  >\n\t\t\t\n\t\t\t\n\t<div class=\"img has-hover x md-x lg-x y md-y lg-y\" id=\"image_697003102\">\n\t\t<a class=\"\" href=\"https:\/\/linkquangcao.com\/kfqi\" >\t\t\t\t\t\t<div class=\"img-inner dark\" >\n\t\t\t<img loading=\"lazy\" decoding=\"async\" width=\"400\" height=\"188\" src=\"https:\/\/nh88c.org\/wp-content\/uploads\/2025\/03\/dang-ky.webp\" class=\"attachment-original size-original\" alt=\"\u0110\u0103ng k\u00fd nh\u00e0 c\u00e1i\" srcset=\"https:\/\/nh88c.org\/wp-content\/uploads\/2025\/03\/dang-ky.webp 400w, https:\/\/nh88c.org\/wp-content\/uploads\/2025\/03\/dang-ky-300x141.webp 300w\" sizes=\"auto, (max-width: 400px) 100vw, 400px\" \/>\t\t\t\t\t\t\n\t\t\t\t\t<\/div>\n\t\t\t\t\t\t<\/a>\t\t\n<style>\n#image_697003102 {\n  width: 100%;\n}\n<\/style>\n\t<\/div>\n\t\n\t\t<\/div>\n\t\t\t\t\t<\/div>\n\n\t\n\n\t<div id=\"col-2097751444\" class=\"col medium-4 small-12 large-4\"  >\n\t\t\t\t<div class=\"col-inner\"  >\n\t\t\t\n\t\t\t\n\t<div class=\"img has-hover x md-x lg-x y md-y lg-y\" id=\"image_1802622731\">\n\t\t<a class=\"\" href=\"https:\/\/linkquangcao.com\/kfqi\" >\t\t\t\t\t\t<div class=\"img-inner dark\" >\n\t\t\t<img loading=\"lazy\" decoding=\"async\" width=\"400\" height=\"188\" src=\"https:\/\/nh88c.org\/wp-content\/uploads\/2025\/03\/dang-nhap.webp\" class=\"attachment-original size-original\" alt=\"\u0110\u0103ng nh\u1eadp t\u1ea3i app\" srcset=\"https:\/\/nh88c.org\/wp-content\/uploads\/2025\/03\/dang-nhap.webp 400w, https:\/\/nh88c.org\/wp-content\/uploads\/2025\/03\/dang-nhap-300x141.webp 300w\" sizes=\"auto, (max-width: 400px) 100vw, 400px\" \/>\t\t\t\t\t\t\n\t\t\t\t\t<\/div>\n\t\t\t\t\t\t<\/a>\t\t\n<style>\n#image_1802622731 {\n  width: 100%;\n}\n<\/style>\n\t<\/div>\n\t\n\t\t<\/div>\n\t\t\t\t\t<\/div>\n\n\t\n\n\t<div id=\"col-837831344\" class=\"col medium-4 small-12 large-4\"  >\n\t\t\t\t<div class=\"col-inner\"  >\n\t\t\t\n\t\t\t\n\t<div class=\"img has-hover x md-x lg-x y md-y lg-y\" id=\"image_188494641\">\n\t\t<a class=\"\" href=\"https:\/\/linkquangcao.com\/kfqi\" >\t\t\t\t\t\t<div class=\"img-inner dark\" >\n\t\t\t<img loading=\"lazy\" decoding=\"async\" width=\"400\" height=\"188\" src=\"https:\/\/nh88c.org\/wp-content\/uploads\/2025\/03\/khuyen-mai.webp\" class=\"attachment-original size-original\" alt=\"Khuy\u1ebfn m\u00e3i th\u00e0nh vi\u00ean\" srcset=\"https:\/\/nh88c.org\/wp-content\/uploads\/2025\/03\/khuyen-mai.webp 400w, https:\/\/nh88c.org\/wp-content\/uploads\/2025\/03\/khuyen-mai-300x141.webp 300w\" sizes=\"auto, (max-width: 400px) 100vw, 400px\" \/>\t\t\t\t\t\t\n\t\t\t\t\t<\/div>\n\t\t\t\t\t\t<\/a>\t\t\n<style>\n#image_188494641 {\n  width: 100%;\n}\n<\/style>\n\t<\/div>\n\t\n\t\t<\/div>\n\t\t\t\t\t<\/div>\n\n\t\n<\/div>\n\t<div id=\"gap-1177679206\" class=\"gap-element clearfix\" style=\"display:block; height:auto;\">\n\t\t\n<style>\n#gap-1177679206 {\n  padding-top: 16px;\n}\n<\/style>\n\t<\/div>\n\t\n\t<div id=\"gap-593460596\" class=\"gap-element clearfix\" style=\"display:block; height:auto;\">\n\t\t\n<style>\n#gap-593460596 {\n  padding-top: 15px;\n}\n<\/style>\n\t<\/div>\n\t\n<p><em><strong>Disclaimer (Tuy\u00ean b\u1ed1 mi\u1ec5n tr\u1eeb):<\/strong><\/em> N\u1ed9i dung tr\u00ean Nh88c.org cung c\u1ea5p th\u00f4ng tin tham kh\u1ea3o h\u01b0\u1edbng \u0111\u1ebfn ng\u01b0\u1eddi tr\u01b0\u1edfng th\u00e0nh tr\u00ean 18 tu\u1ed5i v\u00e0 kh\u00f4ng s\u1ed1ng t\u1ea1i Vi\u1ec7t Nam. Nh88c now kh\u00f4ng nh\u1eb1m m\u1ee5c \u0111\u00edch thay th\u1ebf cho t\u01b0 v\u1ea5n ph\u00e1p l\u00fd hay t\u00e0i ch\u00ednh. Ng\u01b0\u1eddi truy c\u1eadp c\u1ea7n t\u1ef1 \u0111\u00e1nh gi\u00e1 m\u1ee9c \u0111\u1ed9 ph\u00f9 h\u1ee3p tr\u01b0\u1edbc khi s\u1eed d\u1ee5ng v\u00e0 ho\u00e0n to\u00e0n ch\u1ecbu tr\u00e1ch nhi\u1ec7m tr\u01b0\u1edbc c\u00e1c r\u1ee7i ro c\u00f3 th\u1ec3 ph\u00e1t sinh.<\/p>\n<h2 class=\"tieu-de uppercase\"><span style=\"color: #3366ff;\"><strong>FAQ &#8211; nh\u1eefng th\u1eafc m\u1eafc v\u1ec1 trang ch\u1ee7 Nh88<\/strong><\/span><\/h2>\n<div class=\"accordion\"><\/div>\n\t<div id=\"accordion-277499424\" class=\"accordion-item\">\n\t\t<a id=\"accordion-277499424-label\" class=\"accordion-title plain\" href=\"#accordion-item-th\u00f4ng-tin-t\u00e0i-kho\u1ea3n-nh88-c.casino-c\u00f3-\u0111\u01b0\u1ee3c-b\u1ea3o-m\u1eadt-kh\u00f4ng?\" aria-expanded=\"false\" aria-controls=\"accordion-277499424-content\" >\n\t\t\t<button class=\"toggle\" aria-label=\"Chuy\u1ec3n \u0111\u1ed5i\"><i class=\"icon-angle-down\"><\/i><\/button>\n\t\t\t<span>Th\u00f4ng tin t\u00e0i kho\u1ea3n Nh88 c.casino c\u00f3 \u0111\u01b0\u1ee3c b\u1ea3o m\u1eadt kh\u00f4ng?<\/span>\n\t\t<\/a>\n\t\t<div id=\"accordion-277499424-content\" class=\"accordion-inner\" aria-labelledby=\"accordion-277499424-label\" >\n\t\t\t\n<p><span style=\"color: #3366ff;\">T\u1ea5t c\u1ea3 th\u00f4ng tin c\u00e1 nh\u00e2n do ng\u01b0\u1eddi d\u00f9ng cung c\u1ea5p tr\u00ean trang Nh88 game lu\u00f4n \u0111\u01b0\u1ee3c \u0111\u1ea3m b\u1ea3o an to\u00e0n tuy\u1ec7t \u0111\u1ed1i. H\u1ec7 th\u1ed1ng th\u00f4ng tin \u0111\u01b0\u1ee3c m\u00e3 h\u00f3a SSL 128 bit v\u00e0 \u0111\u01b0\u1ee3c l\u01b0u tr\u1eef trong m\u1ed9t m\u00f4i tr\u01b0\u1eddng b\u00ed m\u1eadt.. Truy c\u1eadp n\u1ed9i b\u1ed9 v\u00e0o t\u1ea5t c\u1ea3 c\u00e1c d\u1eef li\u1ec7u b\u1ecb h\u1ea1n ch\u1ebf v\u00e0 theo d\u00f5i ch\u1eb7t ch\u1ebd v\u00ec v\u1eady ng\u01b0\u1eddi d\u00f9ng ho\u00e0n to\u00e0n c\u00f3 th\u1ec3 y\u00ean t\u00e2m tr\u1ea3i nghi\u1ec7m.<\/span><\/p>\n\t\t<\/div>\n\t<\/div>\n\t\n\t<div id=\"accordion-697979563\" class=\"accordion-item\">\n\t\t<a id=\"accordion-697979563-label\" class=\"accordion-title plain\" href=\"#accordion-item-truy-c\u1eadp-nh88-com-b\u1eb1ng-link-ch\u00ednh-th\u1ee9c-n\u00e0o?\" aria-expanded=\"false\" aria-controls=\"accordion-697979563-content\" >\n\t\t\t<button class=\"toggle\" aria-label=\"Chuy\u1ec3n \u0111\u1ed5i\"><i class=\"icon-angle-down\"><\/i><\/button>\n\t\t\t<span>Truy c\u1eadp Nh88 com b\u1eb1ng link ch\u00ednh th\u1ee9c n\u00e0o?<\/span>\n\t\t<\/a>\n\t\t<div id=\"accordion-697979563-content\" class=\"accordion-inner\" aria-labelledby=\"accordion-697979563-label\" >\n\t\t\t\n<p><span style=\"color: #3366ff;\">Truy c\u1eadp v\u00e0o Nh888 b\u1eb1ng c\u00e1c trang sau:<\/span><\/p>\n<ul>\n<li><span style=\"color: #3366ff;\">Nh88c.com<\/span><\/li>\n<li><span style=\"color: #3366ff;\">Nh88 c.casino<\/span><\/li>\n<li><span style=\"color: #3366ff;\">Nh888 c.app<\/span><\/li>\n<li><span style=\"color: #3366ff;\">Nh88c . game<\/span><\/li>\n<li><span style=\"color: #3366ff;\">Nh88 c.win<\/span><\/li>\n<\/ul>\n<p>#trangchunh88 #dangnhapnh88 #dangkynh88 #taiappnh88 #appnh88 #nh88bet #nh88casino<\/p>\n<p>#trangchunh88c #dangnhapnh88c #dangkynh88c #taiappnh88c #appnh88c #nh88cbet #nh88ccasino<\/p>\n\t\t<\/div>\n\t<\/div>\n\t\n\t<div id=\"accordion-4097135731\" class=\"accordion-item\">\n\t\t<a id=\"accordion-4097135731-label\" class=\"accordion-title plain\" href=\"#accordion-item-k\u00eanh-h\u1ed7-tr\u1ee3-kh\u00e1ch-h\u00e0ng-nh88c-app-ho\u1ea1t-\u0111\u1ed9ng-nh\u01b0-th\u1ebf-n\u00e0o?\" aria-expanded=\"false\" aria-controls=\"accordion-4097135731-content\" >\n\t\t\t<button class=\"toggle\" aria-label=\"Chuy\u1ec3n \u0111\u1ed5i\"><i class=\"icon-angle-down\"><\/i><\/button>\n\t\t\t<span>K\u00eanh h\u1ed7 tr\u1ee3 kh\u00e1ch h\u00e0ng Nh88c app ho\u1ea1t \u0111\u1ed9ng nh\u01b0 th\u1ebf n\u00e0o?<\/span>\n\t\t<\/a>\n\t\t<div id=\"accordion-4097135731-content\" class=\"accordion-inner\" aria-labelledby=\"accordion-4097135731-label\" >\n\t\t\t\n<p><span style=\"color: #3366ff;\">H\u1ec7 th\u1ed1ng CSKH c\u1ee7a nh\u00e0 c\u00e1i Nh88 c.game ho\u1ea1t \u0111\u1ed9ng 24\/7 k\u1ec3 c\u1ea3 ng\u00e0y l\u1ec5 t\u1ebft. B\u1ea5t k\u1ef3 khi n\u00e0o ng\u01b0\u1eddi ch\u01a1i g\u1eb7p v\u1ea5n \u0111\u1ec1 khi tham gia ch\u01a1i \u0111\u1ec1u c\u00f3 th\u1ec3 li\u00ean h\u1ec7 CSKH \u0111\u1ec3 \u0111\u01b0\u1ee3c h\u1ed7 tr\u1ee3 nhanh nh\u1ea5t.<\/span><\/p>\n\t\t<\/div>\n\t<\/div>\n\t\n\t<div id=\"accordion-2445649813\" class=\"accordion-item\">\n\t\t<a id=\"accordion-2445649813-label\" class=\"accordion-title plain\" href=\"#accordion-item-khuy\u1ebfn-m\u00e3i-t\u00e2n-th\u1ee7-c54-he.bet-nh\u1eadn-nh\u01b0-th\u1ebf-n\u00e0o?\" aria-expanded=\"false\" aria-controls=\"accordion-2445649813-content\" >\n\t\t\t<button class=\"toggle\" aria-label=\"Chuy\u1ec3n \u0111\u1ed5i\"><i class=\"icon-angle-down\"><\/i><\/button>\n\t\t\t<span>Khuy\u1ebfn m\u00e3i t\u00e2n th\u1ee7 C54 he.bet nh\u1eadn nh\u01b0 th\u1ebf n\u00e0o?<\/span>\n\t\t<\/a>\n\t\t<div id=\"accordion-2445649813-content\" class=\"accordion-inner\" aria-labelledby=\"accordion-2445649813-label\" >\n\t\t\t\n<p><span style=\"color: #3366ff;\">Ng\u01b0\u1eddi ch\u01a1i sau khi \u0111\u0103ng k\u00fd th\u00e0nh c\u00f4ng t\u00e0i kho\u1ea3n t\u1ea1i Nh88c.con s\u1ebd \u0111\u01b0\u1ee3c nh\u1eadn c\u00e1c g\u00f3i \u01b0u \u0111\u00e3i n\u1ea1p \u0111\u1ea7u. N\u1ed5i b\u1eadt l\u00e0 \u01b0u \u0111\u00e3i n\u1ea1p \u0111\u1ea7u 88k t\u1eb7ng ngay 88k, ngo\u00e0i ra c\u00f2n c\u00f3 c\u00e1c g\u1ecdi \u01b0u \u0111\u00e3i ho\u00e0n tr\u1ea3 ti\u1ec1n n\u1ea1p v\u00e0 h\u1ed3ng bao may m\u1eafn di\u1ec5n ra h\u00e0ng ng\u00e0y t\u1ea1i nh\u00e0 c\u00e1i.<\/span><\/p>\n\t\t<\/div>\n\t<\/div>\n\t\n<p>&nbsp;<\/p>\n","protected":false},"excerpt":{"rendered":"<p>TRANG CH\u1ee6 \u0110\u0102NG NH\u1eacP NH\u00c0 C\u00c1I NH88 Link trang t\u1ed5ng v\u00e0o Nh88c link ch\u00ednh th\u1ee9c c\u1eadp nh\u1eadt ng\u00e0y h\u00f4m nay m\u1edbi nh\u1ea5t: Disclaimer (Tuy\u00ean b\u1ed1 mi\u1ec5n tr\u1eeb): N\u1ed9i dung tr\u00ean Nh88c.org cung c\u1ea5p th\u00f4ng tin tham kh\u1ea3o h\u01b0\u1edbng \u0111\u1ebfn ng\u01b0\u1eddi tr\u01b0\u1edfng th\u00e0nh tr\u00ean 18 tu\u1ed5i v\u00e0 kh\u00f4ng s\u1ed1ng t\u1ea1i Vi\u1ec7t Nam. Nh88c now kh\u00f4ng nh\u1eb1m&#8230;<\/p>\n","protected":false},"author":1,"featured_media":0,"parent":0,"menu_order":0,"comment_status":"closed","ping_status":"open","template":"page-right-sidebar.php","meta":{"footnotes":""},"class_list":["post-2","page","type-page","status-publish","hentry"],"_links":{"self":[{"href":"https:\/\/nh88c.org\/index.php?rest_route=\/wp\/v2\/pages\/2","targetHints":{"allow":["GET"]}}],"collection":[{"href":"https:\/\/nh88c.org\/index.php?rest_route=\/wp\/v2\/pages"}],"about":[{"href":"https:\/\/nh88c.org\/index.php?rest_route=\/wp\/v2\/types\/page"}],"author":[{"embeddable":true,"href":"https:\/\/nh88c.org\/index.php?rest_route=\/wp\/v2\/users\/1"}],"replies":[{"embeddable":true,"href":"https:\/\/nh88c.org\/index.php?rest_route=%2Fwp%2Fv2%2Fcomments&post=2"}],"version-history":[{"count":54,"href":"https:\/\/nh88c.org\/index.php?rest_route=\/wp\/v2\/pages\/2\/revisions"}],"predecessor-version":[{"id":633,"href":"https:\/\/nh88c.org\/index.php?rest_route=\/wp\/v2\/pages\/2\/revisions\/633"}],"wp:attachment":[{"href":"https:\/\/nh88c.org\/index.php?rest_route=%2Fwp%2Fv2%2Fmedia&parent=2"}],"curies":[{"name":"wp","href":"https:\/\/api.w.org\/{rel}","templated":true}]}}